{"id":3175,"date":"2020-04-23T09:52:15","date_gmt":"2020-04-23T09:52:15","guid":{"rendered":"https:\/\/www.visiblepatient.com\/?page_id=3175"},"modified":"2020-10-05T10:09:52","modified_gmt":"2020-10-05T10:09:52","slug":"covid19-nds","status":"publish","type":"page","link":"https:\/\/www.visiblepatient.com\/en\/becomedistributor\/covid19-nds\/","title":{"rendered":"New clinical study"},"content":{"rendered":"<h3 style=\"text-align: center;\"><strong>The Grand Est Region finances a large scale study<\/strong><\/h3>\n<p><iframe loading=\"lazy\" title=\"Covid19 NDS - Entretien Pr Diemunsch Anesth\u00e9siste r\u00e9animateur H\u00f4pitaux Universitaires de Strasbourg\" width=\"640\" height=\"360\" src=\"https:\/\/www.youtube.com\/embed\/uYxd8qEO-R4?feature=oembed\" frameborder=\"0\" allow=\"accelerometer; autoplay; clipboard-write; encrypted-media; gyroscope; picture-in-picture; web-share\" referrerpolicy=\"strict-origin-when-cross-origin\" allowfullscreen><\/iframe><\/p>\n<p>The Grand Est Region has decided to finance the clinical phase of the Covid19 NDS project. The stake of this project will be to validate and confirm on a larger number of patients the predictive property of the new diagnosis of severity to optimize patient care.<\/p>\n<p>To do this, the project will rely on a <strong>partnership<\/strong> between Visible Patient and three major hospitals of the Grand Est Region. Two studies conducted on 500 patients each will thus be carried out. The first retrospective is an extension of the first study which was conducted on only 40 patients. It will provide more data to finalize and evaluate the precision and computation time of the new automatic algorithm developed by Visible Patient based on Artificial Intelligence. The second study will be prospective and will have to allow the validation of tools and methods on standardized data. A total of 1000 patient files will thus be analyzed in order to guarantee the efficiency of the New Diagnosis of Severity that we propose.<\/p>\n<p><span class=\"text--small\"><em>For Research\/Investigational Use only. The safety, effectiveness and performance characteristics of the New Diagnosis of Severity score related to the severity of lung damage induced by COVID-19 described herein, as well as the results, have not been established and is under scientific evaluation.<\/em><\/span><\/p>\n","protected":false},"excerpt":{"rendered":"<p>The Grand Est Region finances a large scale study The Grand Est Region has decided [&hellip;]<\/p>\n","protected":false},"author":10,"featured_media":3313,"parent":3160,"menu_order":20,"comment_status":"closed","ping_status":"closed","template":"","meta":{"_acf_changed":false,"footnotes":""},"class_list":["post-3175","page","type-page","status-publish","has-post-thumbnail","hentry"],"acf":[],"yoast_head":"<!-- This site is optimized with the Yoast SEO plugin v27.4 - https:\/\/yoast.com\/product\/yoast-seo-wordpress\/ -->\n<title>New clinical study - Visible Patient<\/title>\n<meta name=\"robots\" content=\"index, follow, max-snippet:-1, max-image-preview:large, max-video-preview:-1\" \/>\n<link rel=\"canonical\" href=\"https:\/\/www.visiblepatient.com\/en\/becomedistributor\/covid19-nds\/\" \/>\n<meta property=\"og:locale\" content=\"en_US\" \/>\n<meta property=\"og:type\" content=\"article\" \/>\n<meta property=\"og:title\" content=\"New clinical study - Visible Patient\" \/>\n<meta property=\"og:description\" content=\"The Grand Est Region finances a large scale study The Grand Est Region has decided [&hellip;]\" \/>\n<meta property=\"og:url\" content=\"https:\/\/www.visiblepatient.com\/en\/becomedistributor\/covid19-nds\/\" \/>\n<meta property=\"og:site_name\" content=\"Visible Patient\" \/>\n<meta property=\"article:modified_time\" content=\"2020-10-05T10:09:52+00:00\" \/>\n<meta property=\"og:image\" content=\"https:\/\/www.visiblepatient.com\/wp-content\/uploads\/2020\/04\/ban-pro-priseencharge.png\" \/>\n\t<meta property=\"og:image:width\" content=\"1580\" \/>\n\t<meta property=\"og:image:height\" content=\"420\" \/>\n\t<meta property=\"og:image:type\" content=\"image\/png\" \/>\n<meta name=\"twitter:card\" content=\"summary_large_image\" \/>\n<meta name=\"twitter:label1\" content=\"Est. reading time\" \/>\n\t<meta name=\"twitter:data1\" content=\"1 minute\" \/>\n<script type=\"application\/ld+json\" class=\"yoast-schema-graph\">{\"@context\":\"https:\\\/\\\/schema.org\",\"@graph\":[{\"@type\":\"WebPage\",\"@id\":\"https:\\\/\\\/www.visiblepatient.com\\\/en\\\/becomedistributor\\\/covid19-nds\\\/\",\"url\":\"https:\\\/\\\/www.visiblepatient.com\\\/en\\\/becomedistributor\\\/covid19-nds\\\/\",\"name\":\"New clinical study - Visible Patient\",\"isPartOf\":{\"@id\":\"https:\\\/\\\/www.visiblepatient.com\\\/en\\\/#website\"},\"primaryImageOfPage\":{\"@id\":\"https:\\\/\\\/www.visiblepatient.com\\\/en\\\/becomedistributor\\\/covid19-nds\\\/#primaryimage\"},\"image\":{\"@id\":\"https:\\\/\\\/www.visiblepatient.com\\\/en\\\/becomedistributor\\\/covid19-nds\\\/#primaryimage\"},\"thumbnailUrl\":\"https:\\\/\\\/www.visiblepatient.com\\\/wp-content\\\/uploads\\\/2020\\\/04\\\/ban-pro-priseencharge.png\",\"datePublished\":\"2020-04-23T09:52:15+00:00\",\"dateModified\":\"2020-10-05T10:09:52+00:00\",\"breadcrumb\":{\"@id\":\"https:\\\/\\\/www.visiblepatient.com\\\/en\\\/becomedistributor\\\/covid19-nds\\\/#breadcrumb\"},\"inLanguage\":\"en-US\",\"potentialAction\":[{\"@type\":\"ReadAction\",\"target\":[\"https:\\\/\\\/www.visiblepatient.com\\\/en\\\/becomedistributor\\\/covid19-nds\\\/\"]}]},{\"@type\":\"ImageObject\",\"inLanguage\":\"en-US\",\"@id\":\"https:\\\/\\\/www.visiblepatient.com\\\/en\\\/becomedistributor\\\/covid19-nds\\\/#primaryimage\",\"url\":\"https:\\\/\\\/www.visiblepatient.com\\\/wp-content\\\/uploads\\\/2020\\\/04\\\/ban-pro-priseencharge.png\",\"contentUrl\":\"https:\\\/\\\/www.visiblepatient.com\\\/wp-content\\\/uploads\\\/2020\\\/04\\\/ban-pro-priseencharge.png\",\"width\":1580,\"height\":420},{\"@type\":\"BreadcrumbList\",\"@id\":\"https:\\\/\\\/www.visiblepatient.com\\\/en\\\/becomedistributor\\\/covid19-nds\\\/#breadcrumb\",\"itemListElement\":[{\"@type\":\"ListItem\",\"position\":1,\"name\":\"Emergency Covid 19\",\"item\":\"https:\\\/\\\/www.visiblepatient.com\\\/en\\\/covid-19\\\/\"},{\"@type\":\"ListItem\",\"position\":2,\"name\":\"New clinical study\"}]},{\"@type\":\"WebSite\",\"@id\":\"https:\\\/\\\/www.visiblepatient.com\\\/en\\\/#website\",\"url\":\"https:\\\/\\\/www.visiblepatient.com\\\/en\\\/\",\"name\":\"Visible Patient\",\"description\":\"Just another WordPress site\",\"potentialAction\":[{\"@type\":\"SearchAction\",\"target\":{\"@type\":\"EntryPoint\",\"urlTemplate\":\"https:\\\/\\\/www.visiblepatient.com\\\/en\\\/?s={search_term_string}\"},\"query-input\":{\"@type\":\"PropertyValueSpecification\",\"valueRequired\":true,\"valueName\":\"search_term_string\"}}],\"inLanguage\":\"en-US\"}]}<\/script>\n<!-- \/ Yoast SEO plugin. -->","yoast_head_json":{"title":"New clinical study - Visible Patient","robots":{"index":"index","follow":"follow","max-snippet":"max-snippet:-1","max-image-preview":"max-image-preview:large","max-video-preview":"max-video-preview:-1"},"canonical":"https:\/\/www.visiblepatient.com\/en\/becomedistributor\/covid19-nds\/","og_locale":"en_US","og_type":"article","og_title":"New clinical study - Visible Patient","og_description":"The Grand Est Region finances a large scale study The Grand Est Region has decided [&hellip;]","og_url":"https:\/\/www.visiblepatient.com\/en\/becomedistributor\/covid19-nds\/","og_site_name":"Visible Patient","article_modified_time":"2020-10-05T10:09:52+00:00","og_image":[{"width":1580,"height":420,"url":"https:\/\/www.visiblepatient.com\/wp-content\/uploads\/2020\/04\/ban-pro-priseencharge.png","type":"image\/png"}],"twitter_card":"summary_large_image","twitter_misc":{"Est. reading time":"1 minute"},"schema":{"@context":"https:\/\/schema.org","@graph":[{"@type":"WebPage","@id":"https:\/\/www.visiblepatient.com\/en\/becomedistributor\/covid19-nds\/","url":"https:\/\/www.visiblepatient.com\/en\/becomedistributor\/covid19-nds\/","name":"New clinical study - Visible Patient","isPartOf":{"@id":"https:\/\/www.visiblepatient.com\/en\/#website"},"primaryImageOfPage":{"@id":"https:\/\/www.visiblepatient.com\/en\/becomedistributor\/covid19-nds\/#primaryimage"},"image":{"@id":"https:\/\/www.visiblepatient.com\/en\/becomedistributor\/covid19-nds\/#primaryimage"},"thumbnailUrl":"https:\/\/www.visiblepatient.com\/wp-content\/uploads\/2020\/04\/ban-pro-priseencharge.png","datePublished":"2020-04-23T09:52:15+00:00","dateModified":"2020-10-05T10:09:52+00:00","breadcrumb":{"@id":"https:\/\/www.visiblepatient.com\/en\/becomedistributor\/covid19-nds\/#breadcrumb"},"inLanguage":"en-US","potentialAction":[{"@type":"ReadAction","target":["https:\/\/www.visiblepatient.com\/en\/becomedistributor\/covid19-nds\/"]}]},{"@type":"ImageObject","inLanguage":"en-US","@id":"https:\/\/www.visiblepatient.com\/en\/becomedistributor\/covid19-nds\/#primaryimage","url":"https:\/\/www.visiblepatient.com\/wp-content\/uploads\/2020\/04\/ban-pro-priseencharge.png","contentUrl":"https:\/\/www.visiblepatient.com\/wp-content\/uploads\/2020\/04\/ban-pro-priseencharge.png","width":1580,"height":420},{"@type":"BreadcrumbList","@id":"https:\/\/www.visiblepatient.com\/en\/becomedistributor\/covid19-nds\/#breadcrumb","itemListElement":[{"@type":"ListItem","position":1,"name":"Emergency Covid 19","item":"https:\/\/www.visiblepatient.com\/en\/covid-19\/"},{"@type":"ListItem","position":2,"name":"New clinical study"}]},{"@type":"WebSite","@id":"https:\/\/www.visiblepatient.com\/en\/#website","url":"https:\/\/www.visiblepatient.com\/en\/","name":"Visible Patient","description":"Just another WordPress site","potentialAction":[{"@type":"SearchAction","target":{"@type":"EntryPoint","urlTemplate":"https:\/\/www.visiblepatient.com\/en\/?s={search_term_string}"},"query-input":{"@type":"PropertyValueSpecification","valueRequired":true,"valueName":"search_term_string"}}],"inLanguage":"en-US"}]}},"_links":{"self":[{"href":"https:\/\/www.visiblepatient.com\/en\/wp-json\/wp\/v2\/pages\/3175","targetHints":{"allow":["GET"]}}],"collection":[{"href":"https:\/\/www.visiblepatient.com\/en\/wp-json\/wp\/v2\/pages"}],"about":[{"href":"https:\/\/www.visiblepatient.com\/en\/wp-json\/wp\/v2\/types\/page"}],"author":[{"embeddable":true,"href":"https:\/\/www.visiblepatient.com\/en\/wp-json\/wp\/v2\/users\/10"}],"replies":[{"embeddable":true,"href":"https:\/\/www.visiblepatient.com\/en\/wp-json\/wp\/v2\/comments?post=3175"}],"version-history":[{"count":10,"href":"https:\/\/www.visiblepatient.com\/en\/wp-json\/wp\/v2\/pages\/3175\/revisions"}],"predecessor-version":[{"id":6607,"href":"https:\/\/www.visiblepatient.com\/en\/wp-json\/wp\/v2\/pages\/3175\/revisions\/6607"}],"up":[{"embeddable":true,"href":"https:\/\/www.visiblepatient.com\/en\/wp-json\/wp\/v2\/pages\/3160"}],"wp:featuredmedia":[{"embeddable":true,"href":"https:\/\/www.visiblepatient.com\/en\/wp-json\/wp\/v2\/media\/3313"}],"wp:attachment":[{"href":"https:\/\/www.visiblepatient.com\/en\/wp-json\/wp\/v2\/media?parent=3175"}],"curies":[{"name":"wp","href":"https:\/\/api.w.org\/{rel}","templated":true}]}}