{"id":3173,"date":"2020-04-23T09:52:07","date_gmt":"2020-04-23T09:52:07","guid":{"rendered":"https:\/\/www.visiblepatient.com\/?page_id=3173"},"modified":"2020-10-05T10:07:50","modified_gmt":"2020-10-05T10:07:50","slug":"our-results","status":"publish","type":"page","link":"https:\/\/www.visiblepatient.com\/en\/becomedistributor\/our-results\/","title":{"rendered":"First results"},"content":{"rendered":"<h3 style=\"text-align: center;\"><strong>The NDS score seems to be predictive\u00a0<\/strong><\/h3>\n<p><iframe loading=\"lazy\" title=\"Covid19 NDS - Entretien Dr Noll Anesth\u00e9siste r\u00e9animateur H\u00f4pitaux Universitaires de Strasbourg\" width=\"640\" height=\"360\" src=\"https:\/\/www.youtube.com\/embed\/yDozLJ7gmaQ?feature=oembed\" frameborder=\"0\" allow=\"accelerometer; autoplay; clipboard-write; encrypted-media; gyroscope; picture-in-picture; web-share\" referrerpolicy=\"strict-origin-when-cross-origin\" allowfullscreen><\/iframe><\/p>\n<p>The first retrospective study conducted on 40 anonymized patient files within the Strasbourg University Hospital shows two major elements: on the one hand, the automatic software is as precise to compute volumes as an interactive method while being much faster.<\/p>\n<p>On the other hand, computed volumes are correlated to the severity class of damage by the virus in the 7 days after image acquisition. These first preliminary results now have to be validated on a larger number of cases to demonstrate these hypotheses.<\/p>\n<p><span class=\"text--small\">For Research\/Investigational Use only. The safety, effectiveness and performance characteristics of the New Diagnosis of Severity score related to the severity of lung damage induced by COVID-19 described herein, as well as the results, have not been established and is under scientific evaluation.<\/span><\/p>\n","protected":false},"excerpt":{"rendered":"<p>The NDS score seems to be predictive\u00a0 The first retrospective study conducted on 40 anonymized [&hellip;]<\/p>\n","protected":false},"author":10,"featured_media":3304,"parent":3160,"menu_order":10,"comment_status":"closed","ping_status":"closed","template":"","meta":{"_acf_changed":false,"footnotes":""},"class_list":["post-3173","page","type-page","status-publish","has-post-thumbnail","hentry"],"acf":[],"yoast_head":"<!-- This site is optimized with the Yoast SEO plugin v27.4 - https:\/\/yoast.com\/product\/yoast-seo-wordpress\/ -->\n<title>First results - Visible Patient<\/title>\n<meta name=\"robots\" content=\"index, follow, max-snippet:-1, max-image-preview:large, max-video-preview:-1\" \/>\n<link rel=\"canonical\" href=\"https:\/\/www.visiblepatient.com\/en\/becomedistributor\/our-results\/\" \/>\n<meta property=\"og:locale\" content=\"en_US\" \/>\n<meta property=\"og:type\" content=\"article\" \/>\n<meta property=\"og:title\" content=\"First results - Visible Patient\" \/>\n<meta property=\"og:description\" content=\"The NDS score seems to be predictive\u00a0 The first retrospective study conducted on 40 anonymized [&hellip;]\" \/>\n<meta property=\"og:url\" content=\"https:\/\/www.visiblepatient.com\/en\/becomedistributor\/our-results\/\" \/>\n<meta property=\"og:site_name\" content=\"Visible Patient\" \/>\n<meta property=\"article:modified_time\" content=\"2020-10-05T10:07:50+00:00\" \/>\n<meta property=\"og:image\" content=\"https:\/\/www.visiblepatient.com\/wp-content\/uploads\/2020\/04\/medecin-stetho.png\" \/>\n\t<meta property=\"og:image:width\" content=\"1580\" \/>\n\t<meta property=\"og:image:height\" content=\"420\" \/>\n\t<meta property=\"og:image:type\" content=\"image\/png\" \/>\n<meta name=\"twitter:card\" content=\"summary_large_image\" \/>\n<meta name=\"twitter:label1\" content=\"Est. reading time\" \/>\n\t<meta name=\"twitter:data1\" content=\"1 minute\" \/>\n<script type=\"application\/ld+json\" class=\"yoast-schema-graph\">{\"@context\":\"https:\\\/\\\/schema.org\",\"@graph\":[{\"@type\":\"WebPage\",\"@id\":\"https:\\\/\\\/www.visiblepatient.com\\\/en\\\/becomedistributor\\\/our-results\\\/\",\"url\":\"https:\\\/\\\/www.visiblepatient.com\\\/en\\\/becomedistributor\\\/our-results\\\/\",\"name\":\"First results - Visible Patient\",\"isPartOf\":{\"@id\":\"https:\\\/\\\/www.visiblepatient.com\\\/en\\\/#website\"},\"primaryImageOfPage\":{\"@id\":\"https:\\\/\\\/www.visiblepatient.com\\\/en\\\/becomedistributor\\\/our-results\\\/#primaryimage\"},\"image\":{\"@id\":\"https:\\\/\\\/www.visiblepatient.com\\\/en\\\/becomedistributor\\\/our-results\\\/#primaryimage\"},\"thumbnailUrl\":\"https:\\\/\\\/www.visiblepatient.com\\\/wp-content\\\/uploads\\\/2020\\\/04\\\/medecin-stetho.png\",\"datePublished\":\"2020-04-23T09:52:07+00:00\",\"dateModified\":\"2020-10-05T10:07:50+00:00\",\"breadcrumb\":{\"@id\":\"https:\\\/\\\/www.visiblepatient.com\\\/en\\\/becomedistributor\\\/our-results\\\/#breadcrumb\"},\"inLanguage\":\"en-US\",\"potentialAction\":[{\"@type\":\"ReadAction\",\"target\":[\"https:\\\/\\\/www.visiblepatient.com\\\/en\\\/becomedistributor\\\/our-results\\\/\"]}]},{\"@type\":\"ImageObject\",\"inLanguage\":\"en-US\",\"@id\":\"https:\\\/\\\/www.visiblepatient.com\\\/en\\\/becomedistributor\\\/our-results\\\/#primaryimage\",\"url\":\"https:\\\/\\\/www.visiblepatient.com\\\/wp-content\\\/uploads\\\/2020\\\/04\\\/medecin-stetho.png\",\"contentUrl\":\"https:\\\/\\\/www.visiblepatient.com\\\/wp-content\\\/uploads\\\/2020\\\/04\\\/medecin-stetho.png\",\"width\":1580,\"height\":420},{\"@type\":\"BreadcrumbList\",\"@id\":\"https:\\\/\\\/www.visiblepatient.com\\\/en\\\/becomedistributor\\\/our-results\\\/#breadcrumb\",\"itemListElement\":[{\"@type\":\"ListItem\",\"position\":1,\"name\":\"Emergency Covid 19\",\"item\":\"https:\\\/\\\/www.visiblepatient.com\\\/en\\\/covid-19\\\/\"},{\"@type\":\"ListItem\",\"position\":2,\"name\":\"First results\"}]},{\"@type\":\"WebSite\",\"@id\":\"https:\\\/\\\/www.visiblepatient.com\\\/en\\\/#website\",\"url\":\"https:\\\/\\\/www.visiblepatient.com\\\/en\\\/\",\"name\":\"Visible Patient\",\"description\":\"Just another WordPress site\",\"potentialAction\":[{\"@type\":\"SearchAction\",\"target\":{\"@type\":\"EntryPoint\",\"urlTemplate\":\"https:\\\/\\\/www.visiblepatient.com\\\/en\\\/?s={search_term_string}\"},\"query-input\":{\"@type\":\"PropertyValueSpecification\",\"valueRequired\":true,\"valueName\":\"search_term_string\"}}],\"inLanguage\":\"en-US\"}]}<\/script>\n<!-- \/ Yoast SEO plugin. -->","yoast_head_json":{"title":"First results - Visible Patient","robots":{"index":"index","follow":"follow","max-snippet":"max-snippet:-1","max-image-preview":"max-image-preview:large","max-video-preview":"max-video-preview:-1"},"canonical":"https:\/\/www.visiblepatient.com\/en\/becomedistributor\/our-results\/","og_locale":"en_US","og_type":"article","og_title":"First results - Visible Patient","og_description":"The NDS score seems to be predictive\u00a0 The first retrospective study conducted on 40 anonymized [&hellip;]","og_url":"https:\/\/www.visiblepatient.com\/en\/becomedistributor\/our-results\/","og_site_name":"Visible Patient","article_modified_time":"2020-10-05T10:07:50+00:00","og_image":[{"width":1580,"height":420,"url":"https:\/\/www.visiblepatient.com\/wp-content\/uploads\/2020\/04\/medecin-stetho.png","type":"image\/png"}],"twitter_card":"summary_large_image","twitter_misc":{"Est. reading time":"1 minute"},"schema":{"@context":"https:\/\/schema.org","@graph":[{"@type":"WebPage","@id":"https:\/\/www.visiblepatient.com\/en\/becomedistributor\/our-results\/","url":"https:\/\/www.visiblepatient.com\/en\/becomedistributor\/our-results\/","name":"First results - Visible Patient","isPartOf":{"@id":"https:\/\/www.visiblepatient.com\/en\/#website"},"primaryImageOfPage":{"@id":"https:\/\/www.visiblepatient.com\/en\/becomedistributor\/our-results\/#primaryimage"},"image":{"@id":"https:\/\/www.visiblepatient.com\/en\/becomedistributor\/our-results\/#primaryimage"},"thumbnailUrl":"https:\/\/www.visiblepatient.com\/wp-content\/uploads\/2020\/04\/medecin-stetho.png","datePublished":"2020-04-23T09:52:07+00:00","dateModified":"2020-10-05T10:07:50+00:00","breadcrumb":{"@id":"https:\/\/www.visiblepatient.com\/en\/becomedistributor\/our-results\/#breadcrumb"},"inLanguage":"en-US","potentialAction":[{"@type":"ReadAction","target":["https:\/\/www.visiblepatient.com\/en\/becomedistributor\/our-results\/"]}]},{"@type":"ImageObject","inLanguage":"en-US","@id":"https:\/\/www.visiblepatient.com\/en\/becomedistributor\/our-results\/#primaryimage","url":"https:\/\/www.visiblepatient.com\/wp-content\/uploads\/2020\/04\/medecin-stetho.png","contentUrl":"https:\/\/www.visiblepatient.com\/wp-content\/uploads\/2020\/04\/medecin-stetho.png","width":1580,"height":420},{"@type":"BreadcrumbList","@id":"https:\/\/www.visiblepatient.com\/en\/becomedistributor\/our-results\/#breadcrumb","itemListElement":[{"@type":"ListItem","position":1,"name":"Emergency Covid 19","item":"https:\/\/www.visiblepatient.com\/en\/covid-19\/"},{"@type":"ListItem","position":2,"name":"First results"}]},{"@type":"WebSite","@id":"https:\/\/www.visiblepatient.com\/en\/#website","url":"https:\/\/www.visiblepatient.com\/en\/","name":"Visible Patient","description":"Just another WordPress site","potentialAction":[{"@type":"SearchAction","target":{"@type":"EntryPoint","urlTemplate":"https:\/\/www.visiblepatient.com\/en\/?s={search_term_string}"},"query-input":{"@type":"PropertyValueSpecification","valueRequired":true,"valueName":"search_term_string"}}],"inLanguage":"en-US"}]}},"_links":{"self":[{"href":"https:\/\/www.visiblepatient.com\/en\/wp-json\/wp\/v2\/pages\/3173","targetHints":{"allow":["GET"]}}],"collection":[{"href":"https:\/\/www.visiblepatient.com\/en\/wp-json\/wp\/v2\/pages"}],"about":[{"href":"https:\/\/www.visiblepatient.com\/en\/wp-json\/wp\/v2\/types\/page"}],"author":[{"embeddable":true,"href":"https:\/\/www.visiblepatient.com\/en\/wp-json\/wp\/v2\/users\/10"}],"replies":[{"embeddable":true,"href":"https:\/\/www.visiblepatient.com\/en\/wp-json\/wp\/v2\/comments?post=3173"}],"version-history":[{"count":9,"href":"https:\/\/www.visiblepatient.com\/en\/wp-json\/wp\/v2\/pages\/3173\/revisions"}],"predecessor-version":[{"id":6600,"href":"https:\/\/www.visiblepatient.com\/en\/wp-json\/wp\/v2\/pages\/3173\/revisions\/6600"}],"up":[{"embeddable":true,"href":"https:\/\/www.visiblepatient.com\/en\/wp-json\/wp\/v2\/pages\/3160"}],"wp:featuredmedia":[{"embeddable":true,"href":"https:\/\/www.visiblepatient.com\/en\/wp-json\/wp\/v2\/media\/3304"}],"wp:attachment":[{"href":"https:\/\/www.visiblepatient.com\/en\/wp-json\/wp\/v2\/media?parent=3173"}],"curies":[{"name":"wp","href":"https:\/\/api.w.org\/{rel}","templated":true}]}}